{"id":2801,"date":"2020-10-19T13:46:48","date_gmt":"2020-10-19T11:46:48","guid":{"rendered":"http:\/\/zuern.biz\/imprint\/"},"modified":"2025-01-13T14:47:56","modified_gmt":"2025-01-13T13:47:56","slug":"imprint","status":"publish","type":"page","link":"https:\/\/www.zuern.com\/en\/imprint\/","title":{"rendered":"Imprint"},"content":{"rendered":"\t\t<div data-elementor-type=\"wp-page\" data-elementor-id=\"2801\" class=\"elementor elementor-2801 elementor-685\">\n\t\t\t\t\t\t<section class=\"elementor-section elementor-top-section elementor-element elementor-element-76e0c3e elementor-section-boxed elementor-section-height-default elementor-section-height-default\" data-id=\"76e0c3e\" data-element_type=\"section\" data-e-type=\"section\">\n\t\t\t\t\t\t<div class=\"elementor-container elementor-column-gap-default\">\n\t\t\t\t\t<div class=\"elementor-column elementor-col-100 elementor-top-column elementor-element elementor-element-d914adc\" data-id=\"d914adc\" data-element_type=\"column\" data-e-type=\"column\">\n\t\t\t<div class=\"elementor-widget-wrap elementor-element-populated\">\n\t\t\t\t\t\t<div class=\"elementor-element elementor-element-c9a42cc elementor-widget elementor-widget-image\" data-id=\"c9a42cc\" data-element_type=\"widget\" data-e-type=\"widget\" data-widget_type=\"image.default\">\n\t\t\t\t<div class=\"elementor-widget-container\">\n\t\t\t\t\t\t\t\t\t\t\t\t\t\t\t<img fetchpriority=\"high\" decoding=\"async\" width=\"1200\" height=\"313\" src=\"https:\/\/www.zuern.com\/wp-content\/uploads\/2020\/11\/zuern_com_group.jpg\" class=\"attachment-full size-full wp-image-3665\" alt=\"casting technology and office inkluding logistics of the Z\u00dcRN group\" srcset=\"https:\/\/www.zuern.com\/wp-content\/uploads\/2020\/11\/zuern_com_group.jpg 1200w, https:\/\/www.zuern.com\/wp-content\/uploads\/2020\/11\/zuern_com_group-300x78.jpg 300w, https:\/\/www.zuern.com\/wp-content\/uploads\/2020\/11\/zuern_com_group-1024x267.jpg 1024w, https:\/\/www.zuern.com\/wp-content\/uploads\/2020\/11\/zuern_com_group-768x200.jpg 768w\" sizes=\"(max-width: 1200px) 100vw, 1200px\" \/>\t\t\t\t\t\t\t\t\t\t\t\t\t\t\t<\/div>\n\t\t\t\t<\/div>\n\t\t\t\t\t<\/div>\n\t\t<\/div>\n\t\t\t\t\t<\/div>\n\t\t<\/section>\n\t\t\t\t<section class=\"elementor-section elementor-top-section elementor-element elementor-element-6f82392f elementor-section-boxed elementor-section-height-default elementor-section-height-default\" data-id=\"6f82392f\" data-element_type=\"section\" data-e-type=\"section\">\n\t\t\t\t\t\t<div class=\"elementor-container elementor-column-gap-default\">\n\t\t\t\t\t<div class=\"elementor-column elementor-col-100 elementor-top-column elementor-element elementor-element-5b4df0f0\" data-id=\"5b4df0f0\" data-element_type=\"column\" data-e-type=\"column\">\n\t\t\t<div class=\"elementor-widget-wrap elementor-element-populated\">\n\t\t\t\t\t\t<div class=\"elementor-element elementor-element-413b5189 elementor-widget elementor-widget-text-editor\" data-id=\"413b5189\" data-element_type=\"widget\" data-e-type=\"widget\" data-widget_type=\"text-editor.default\">\n\t\t\t\t<div class=\"elementor-widget-container\">\n\t\t\t\t\t\t\t\t\t<h1>Imprint<\/h1>\n\t\t\t\t\t\t\t\t<\/div>\n\t\t\t\t<\/div>\n\t\t\t\t<div class=\"elementor-element elementor-element-11e09658 elementor-widget-divider--view-line elementor-widget elementor-widget-divider\" data-id=\"11e09658\" data-element_type=\"widget\" data-e-type=\"widget\" data-widget_type=\"divider.default\">\n\t\t\t\t<div class=\"elementor-widget-container\">\n\t\t\t\t\t\t\t<div class=\"elementor-divider\">\n\t\t\t<span class=\"elementor-divider-separator\">\n\t\t\t\t\t\t<\/span>\n\t\t<\/div>\n\t\t\t\t\t\t<\/div>\n\t\t\t\t<\/div>\n\t\t\t\t\t<\/div>\n\t\t<\/div>\n\t\t\t\t\t<\/div>\n\t\t<\/section>\n\t\t\t\t<section class=\"elementor-section elementor-top-section elementor-element elementor-element-8b34bad elementor-section-boxed elementor-section-height-default elementor-section-height-default\" data-id=\"8b34bad\" data-element_type=\"section\" data-e-type=\"section\">\n\t\t\t\t\t\t<div class=\"elementor-container elementor-column-gap-default\">\n\t\t\t\t\t<div class=\"elementor-column elementor-col-100 elementor-top-column elementor-element elementor-element-7172f1e\" data-id=\"7172f1e\" data-element_type=\"column\" data-e-type=\"column\">\n\t\t\t<div class=\"elementor-widget-wrap elementor-element-populated\">\n\t\t\t\t\t\t<div class=\"elementor-element elementor-element-ec9b782 elementor-widget elementor-widget-text-editor\" data-id=\"ec9b782\" data-element_type=\"widget\" data-e-type=\"widget\" data-widget_type=\"text-editor.default\">\n\t\t\t\t<div class=\"elementor-widget-container\">\n\t\t\t\t\t\t\t\t\t<p><strong>Z\u00dcRN GmbH &amp; Co. KG<\/strong><br \/>Bajuwarenring 19<br \/>82041 Oberhaching<\/p>\n<p>Phone: 0 89 \/ 21 23 96 \u2013 0<br \/>Email: <a href=\"javascript:secureDecryptAndNavigate('m3IcuVflqafH+3OyDgMjP5o+Y7vYbWP9OU\/YCSDeeHf3jjJ9SuvB7qbjnKtPDCUBy\/H+++CP0AWZHMaZF1LJTJrx1zrI', 'ed8fa4d6bb597323d6afd4d5fe27571ee2b2c9e955a8a120fc9aab61aaf95eb1')\">&#105;&#110;&#102;&#111;&#64;&#122;&#117;&#101;&#114;&#110;&#46;com<\/a><br \/>Internet: www.zuern.com<\/p>\n<p>Registry court: Munich District Court<br \/>Register number: HRA 70061<\/p>\n<p>VAT ID number as per \u00a7 27 a Value Added Tax Act:<br \/>DE173131877<\/p>\n<p>Personally liable shareholder:<br \/>Z\u00fcrn Verwaltungsgesellschaft mbH<\/p>\n<p>Managing Directors:<br \/>Renate Z\u00fcrn, Dipl. Antonio B\u00f6ckmann, MBA [Dipl. Betriebswirt (FH)]<\/p>\n<p>Registry court: Munich District Court<br \/>Register number: HRB 105881<\/p>\n<p>Responsible for content as per \u00a7 55 Para. 2 RStV [Interstate Broadcasting Treaty]: 2 RStV:<br \/>MBA [Dipl. Betriebswirt (FH)] Antonio B\u00f6ckmann, (see address above)<\/p>\n<p><strong>Consumer arbitration, information as per \u00a7 36 VSBG [Consumer Dispute Settlement Act]<\/strong><br \/>We are neither willing nor obligated to take part in dispute settlement proceedings before a consumer arbitration board. The EU Commission has set up a web page for online dispute settlements between companies and consumers (OS platform), which you can access at <a href=\"http:\/\/ec.europa.eu\/consumers\/odr\/\" target=\"_blank\" rel=\"noopener\">http:\/\/ec.europa.eu\/consumers\/odr\/<\/a>.<\/p>\n<p><strong>Liability limitation:<\/strong><\/p>\n<p>Liability for content:<br \/>The content on our pages was created with the greatest possible care. However, we cannot provide any warranty that the content is accurate, complete, or up to date. Pursuant to \u00a7 7 Para. 1 TMG [German Telemedia Act], as the service provider we are responsible for our own content on these pages according to the general laws. As per \u00a7\u00a7 8 through 10 TMG, however, we are not obligated as service providers to monitor transmitted or stored third-party information or to investigate circumstances that indicate illegal activity. Any obligation to remove or block the use of information pursuant to the general laws remains unaffected hereby. However, liability in this regard shall only apply as of the time when a specific infringement is discovered. If such infringements are discovered, we shall remove the content without delay..<\/p>\n<p>Liability for links:<br \/>Our website contains links to external third-party websites over whose content we do not have any control. Therefore we are also unable to provide any warranty for this third-party content. The respective provider or operator of these pages is always responsible for their content. The linked pages were reviewed for potential infringements at the time when the links were placed. No illegal content was apparent at the time when the links were placed. However, it is not reasonable for us to continuously monitor the content of the linked pages if there is no specific indication of an infringement. If infringements are discovered, we shall remove such links without delay.<\/p>\n<p>Copyright:<br \/>The content and works on these pages that are created by the page operator are subject to German copyright law. Any reproduction, processing, distribution or utilization of any kind beyond the limits of the copyright law must be approved in writing by the respective author and\/or creator. Downloads and copies of this page are only permissible for personal, non-commercial use.. If and to the extent that content on this page was not created by the operator, third-party copyrights shall be observed. In particular, third-party content is indicated as such. If you should nonetheless become aware of a copyright violation, please inform us of this. If infringements are discovered, we shall remove such content without delay.<\/p>\n\t\t\t\t\t\t\t\t<\/div>\n\t\t\t\t<\/div>\n\t\t\t\t\t<\/div>\n\t\t<\/div>\n\t\t\t\t\t<\/div>\n\t\t<\/section>\n\t\t\t\t<section class=\"elementor-section elementor-top-section elementor-element elementor-element-93e00ea elementor-section-full_width elementor-section-height-default elementor-section-height-default\" data-id=\"93e00ea\" data-element_type=\"section\" data-e-type=\"section\">\n\t\t\t\t\t\t<div class=\"elementor-container elementor-column-gap-default\">\n\t\t\t\t\t<div class=\"elementor-column elementor-col-100 elementor-top-column elementor-element elementor-element-4a7f079\" data-id=\"4a7f079\" data-element_type=\"column\" data-e-type=\"column\">\n\t\t\t<div class=\"elementor-widget-wrap elementor-element-populated\">\n\t\t\t\t\t\t<div class=\"elementor-element elementor-element-7341055 elementor-widget elementor-widget-spacer\" data-id=\"7341055\" data-element_type=\"widget\" data-e-type=\"widget\" data-widget_type=\"spacer.default\">\n\t\t\t\t<div class=\"elementor-widget-container\">\n\t\t\t\t\t\t\t<div class=\"elementor-spacer\">\n\t\t\t<div class=\"elementor-spacer-inner\"><\/div>\n\t\t<\/div>\n\t\t\t\t\t\t<\/div>\n\t\t\t\t<\/div>\n\t\t\t\t<div class=\"elementor-element elementor-element-49ebb2e elementor-widget__width-auto elementor-absolute elementor-view-default elementor-widget elementor-widget-icon\" data-id=\"49ebb2e\" data-element_type=\"widget\" data-e-type=\"widget\" data-settings=\"{&quot;_position&quot;:&quot;absolute&quot;}\" data-widget_type=\"icon.default\">\n\t\t\t\t<div class=\"elementor-widget-container\">\n\t\t\t\t\t\t\t<div class=\"elementor-icon-wrapper\">\n\t\t\t<a class=\"elementor-icon\" href=\"#masthead\">\n\t\t\t<i aria-hidden=\"true\" class=\"fas fa-arrow-alt-circle-up\"><\/i>\t\t\t<\/a>\n\t\t<\/div>\n\t\t\t\t\t\t<\/div>\n\t\t\t\t<\/div>\n\t\t\t\t\t<\/div>\n\t\t<\/div>\n\t\t\t\t\t<\/div>\n\t\t<\/section>\n\t\t\t\t<section class=\"elementor-section elementor-top-section elementor-element elementor-element-46a418ab elementor-section-boxed elementor-section-height-default elementor-section-height-default\" data-id=\"46a418ab\" data-element_type=\"section\" data-e-type=\"section\">\n\t\t\t\t\t\t<div class=\"elementor-container elementor-column-gap-default\">\n\t\t\t\t\t<div class=\"elementor-column elementor-col-100 elementor-top-column elementor-element elementor-element-283f78ca\" data-id=\"283f78ca\" data-element_type=\"column\" data-e-type=\"column\">\n\t\t\t<div class=\"elementor-widget-wrap elementor-element-populated\">\n\t\t\t\t\t\t<div class=\"elementor-element elementor-element-22690d13 elementor-widget elementor-widget-spacer\" data-id=\"22690d13\" data-element_type=\"widget\" data-e-type=\"widget\" data-widget_type=\"spacer.default\">\n\t\t\t\t<div class=\"elementor-widget-container\">\n\t\t\t\t\t\t\t<div class=\"elementor-spacer\">\n\t\t\t<div class=\"elementor-spacer-inner\"><\/div>\n\t\t<\/div>\n\t\t\t\t\t\t<\/div>\n\t\t\t\t<\/div>\n\t\t\t\t\t<\/div>\n\t\t<\/div>\n\t\t\t\t\t<\/div>\n\t\t<\/section>\n\t\t\t\t<\/div>\n\t\t","protected":false},"excerpt":{"rendered":"<p>Imprint Z\u00dcRN GmbH &amp; Co. KGBajuwarenring 1982041 Oberhaching Phone: 0 89 \/ 21 23 96 \u2013 0Email: i&#110;&#102;o&#64;&#122;&#117;&#101;r&#110;&#46;comInternet: www.zuern.com Registry court: Munich District CourtRegister number: HRA 70061 VAT ID number as per \u00a7 27 a Value Added Tax Act:DE173131877 Personally liable shareholder:Z\u00fcrn Verwaltungsgesellschaft mbH Managing Directors:Renate Z\u00fcrn, Dipl. Antonio B\u00f6ckmann, MBA [Dipl. Betriebswirt (FH)] Registry [&hellip;]<\/p>\n","protected":false},"author":2,"featured_media":0,"parent":0,"menu_order":9,"comment_status":"closed","ping_status":"closed","template":"","meta":{"site-sidebar-layout":"no-sidebar","site-content-layout":"page-builder","ast-site-content-layout":"default","site-content-style":"default","site-sidebar-style":"default","ast-global-header-display":"","ast-banner-title-visibility":"","ast-main-header-display":"","ast-hfb-above-header-display":"","ast-hfb-below-header-display":"","ast-hfb-mobile-header-display":"","site-post-title":"disabled","ast-breadcrumbs-content":"","ast-featured-img":"disabled","footer-sml-layout":"","ast-disable-related-posts":"","theme-transparent-header-meta":"default","adv-header-id-meta":"","stick-header-meta":"","header-above-stick-meta":"","header-main-stick-meta":"","header-below-stick-meta":"","astra-migrate-meta-layouts":"default","ast-page-background-enabled":"default","ast-page-background-meta":{"desktop":{"background-color":"","background-image":"","background-repeat":"repeat","background-position":"center center","background-size":"auto","background-attachment":"scroll","background-type":"","background-media":"","overlay-type":"","overlay-color":"","overlay-opacity":"","overlay-gradient":""},"tablet":{"background-color":"","background-image":"","background-repeat":"repeat","background-position":"center center","background-size":"auto","background-attachment":"scroll","background-type":"","background-media":"","overlay-type":"","overlay-color":"","overlay-opacity":"","overlay-gradient":""},"mobile":{"background-color":"","background-image":"","background-repeat":"repeat","background-position":"center center","background-size":"auto","background-attachment":"scroll","background-type":"","background-media":"","overlay-type":"","overlay-color":"","overlay-opacity":"","overlay-gradient":""}},"ast-content-background-meta":{"desktop":{"background-color":"var(--ast-global-color-5)","background-image":"","background-repeat":"repeat","background-position":"center center","background-size":"auto","background-attachment":"scroll","background-type":"","background-media":"","overlay-type":"","overlay-color":"","overlay-opacity":"","overlay-gradient":""},"tablet":{"background-color":"var(--ast-global-color-5)","background-image":"","background-repeat":"repeat","background-position":"center center","background-size":"auto","background-attachment":"scroll","background-type":"","background-media":"","overlay-type":"","overlay-color":"","overlay-opacity":"","overlay-gradient":""},"mobile":{"background-color":"var(--ast-global-color-5)","background-image":"","background-repeat":"repeat","background-position":"center center","background-size":"auto","background-attachment":"scroll","background-type":"","background-media":"","overlay-type":"","overlay-color":"","overlay-opacity":"","overlay-gradient":""}},"footnotes":""},"class_list":["post-2801","page","type-page","status-publish","hentry"],"_links":{"self":[{"href":"https:\/\/www.zuern.com\/en\/wp-json\/wp\/v2\/pages\/2801","targetHints":{"allow":["GET"]}}],"collection":[{"href":"https:\/\/www.zuern.com\/en\/wp-json\/wp\/v2\/pages"}],"about":[{"href":"https:\/\/www.zuern.com\/en\/wp-json\/wp\/v2\/types\/page"}],"author":[{"embeddable":true,"href":"https:\/\/www.zuern.com\/en\/wp-json\/wp\/v2\/users\/2"}],"replies":[{"embeddable":true,"href":"https:\/\/www.zuern.com\/en\/wp-json\/wp\/v2\/comments?post=2801"}],"version-history":[{"count":10,"href":"https:\/\/www.zuern.com\/en\/wp-json\/wp\/v2\/pages\/2801\/revisions"}],"predecessor-version":[{"id":16914,"href":"https:\/\/www.zuern.com\/en\/wp-json\/wp\/v2\/pages\/2801\/revisions\/16914"}],"wp:attachment":[{"href":"https:\/\/www.zuern.com\/en\/wp-json\/wp\/v2\/media?parent=2801"}],"curies":[{"name":"wp","href":"https:\/\/api.w.org\/{rel}","templated":true}]}}